{"id":271,"date":"2024-11-03T11:58:10","date_gmt":"2024-11-03T10:58:10","guid":{"rendered":"https:\/\/bergerhof.dkia.at\/?page_id=271"},"modified":"2026-03-21T04:29:45","modified_gmt":"2026-03-21T03:29:45","slug":"datenschutz","status":"publish","type":"page","link":"https:\/\/bergerhof.bz\/it\/datenschutz\/","title":{"rendered":"Privacy"},"content":{"rendered":"<div data-elementor-type=\"wp-page\" data-elementor-id=\"271\" class=\"elementor elementor-271\" data-elementor-post-type=\"page\">\n\t\t\t\t<div class=\"elementor-element elementor-element-4223b652 e-con-full e-flex e-con e-parent\" data-id=\"4223b652\" data-element_type=\"container\" data-e-type=\"container\">\n\t\t<div class=\"elementor-element elementor-element-ca27718 e-con-full e-flex e-con e-child\" data-id=\"ca27718\" data-element_type=\"container\" data-e-type=\"container\">\n\t\t\t\t<div class=\"elementor-element elementor-element-f85b6bd elementor-widget elementor-widget-heading\" data-id=\"f85b6bd\" data-element_type=\"widget\" data-e-type=\"widget\" data-widget_type=\"heading.default\">\n\t\t\t\t<div class=\"elementor-widget-container\">\n\t\t\t\t\t<h2 class=\"elementor-heading-title elementor-size-default\">Protezione dei dati e cookie<\/h2>\t\t\t\t<\/div>\n\t\t\t\t<\/div>\n\t\t\t\t<div class=\"elementor-element elementor-element-c04cd68 elementor-widget elementor-widget-spacer\" data-id=\"c04cd68\" data-element_type=\"widget\" data-e-type=\"widget\" data-widget_type=\"spacer.default\">\n\t\t\t\t<div class=\"elementor-widget-container\">\n\t\t\t\t\t\t\t<div class=\"elementor-spacer\">\n\t\t\t<div class=\"elementor-spacer-inner\"><\/div>\n\t\t<\/div>\n\t\t\t\t\t\t<\/div>\n\t\t\t\t<\/div>\n\t\t\t\t<div class=\"elementor-element elementor-element-1d7096a elementor-widget__width-inherit elementor-widget elementor-widget-text-editor\" data-id=\"1d7096a\" data-element_type=\"widget\" data-e-type=\"widget\" data-widget_type=\"text-editor.default\">\n\t\t\t\t<div class=\"elementor-widget-container\">\n\t\t\t\t\t\t\t\t\t<p>Ai sensi del GDPR 2016\/679, il Titolare del trattamento \u00e8 il responsabile della gestione o del trattamento dei dati personali eventualmente raccolti tramite il sito web. Il titolare del trattamento gestisce o tratta i dati eventualmente raccolti tramite il sito web (www.bergerhof.bz) alle condizioni di seguito riportate.<\/p><p><strong>Tipo di raccolta dei dati e finalit\u00e0 del trattamento<\/strong><\/p><p>Bergerhof tratta solo i dati che i visitatori del sito web forniscono di loro spontanea volont\u00e0. \u00c8 possibile navigare nel sito anche senza fornire dati e informazioni personali. Ogni visitatore \u00e8 libero di fornire un numero limitato di dati personali per usufruire solo di alcuni servizi. I dati personali raccolti e memorizzati saranno utilizzati esclusivamente per i servizi specificati nell'informativa disponibile. I visitatori del sito possono inserire i propri dati per inviare una richiesta di soggiorno.<\/p><p><strong>Divulgazione dei dati a terzi<\/strong><\/p><p>I dati personali non saranno trasmessi ad altre aziende. Inoltre, i dati personali saranno trasmessi solo se ci\u00f2 \u00e8 previsto dalla legge o se l'autorit\u00e0 giudiziaria o altri enti e istituti lo richiedono. Bergerhof non intende raccogliere dati personali sensibili o rilevanti dal punto di vista giudiziario attraverso il proprio sito web.<\/p><p>Ai sensi dell'art. 4 del GDPR 2016\/679, per dati sensibili si intendono i dati personali relativi al sesso, all'origine etnica, alle convinzioni religiose, filosofiche o di altro genere, alle opinioni politiche, all'adesione a partiti, sindacati, associazioni od organizzazioni a sfondo religioso, filosofico, politico o sindacale, nonch\u00e9 i dati relativi alla salute e all'orientamento sessuale. Ai sensi dell'art. 4 del GDPR 2016\/679, tra i dati di rilevanza giudiziaria rientrano i dati personali relativi ai ricorsi basati sull'art. 3, comma 1, lettere da a) a o) e da r) a u), del D.P.R. 14 novembre 2002, n. 313, in materia di casellario giudiziale, di anagrafe delle sanzioni amministrative dipendenti da reato o di procedimenti pendenti al riguardo, ovvero la qualit\u00e0 di imputato o di indagato ai sensi degli articoli 60 e 61 del codice di procedura penale. Vi consigliamo di non fornire tali informazioni sul nostro sito web.<\/p><p><strong>Integrazione di servizi e contenuti di terzi e trasferimento di dati in paesi terzi<\/strong><\/p><p>Google Analytics, Google-IP-Locator, Google Maps, Google Maps Distance Api, Google reCAPTCHA<br \/><strong>Proprietario:<\/strong> Google Inc., 1600 Amphitheatre Parkway, Mountain View, CA 94043, USA<\/p><p>Contenuto YouTube<br \/>Propretario: Google Inc., Amphitheatre Parkway, Mountain View, CA 94043, USA<\/p><p><strong>Link a siti web di terzi<\/strong><\/p><p>Si prega di notare che il sito bergerhof.bz contiene collegamenti ad altri siti web che non sono gestiti in conformit\u00e0 con la presente informativa sulla privacy.<\/p><p><strong>Conservazione e cancellazione dei dati<\/strong><\/p><p>Le informazioni e i dati personali raccolti tramite questo sito, compresi quelli forniti volontariamente dal visitatore per ricevere materiale informativo o altri invii scrivendo agli indirizzi indicati nella sezione \u201cRichiesta\u201d, saranno conservati esclusivamente per l'erogazione del servizio richiesto e solo per il tempo strettamente necessario a tale scopo. Una volta erogato il servizio, tutti i dati personali saranno cancellati in conformit\u00e0 con l'informativa sulla privacy, salvo diversa richiesta delle autorit\u00e0 o obbligo di legge.<\/p><p><strong>Esercizio dei diritti a noi spettanti<\/strong><\/p><p>Ai sensi dell'art. 15 del GDPR 2016\/679, il titolare del trattamento ha il diritto di ottenere in qualsiasi momento informazioni sul contenuto dei propri dati personali raccolti tramite questo sito web, di farli correggere, aggiornare o cancellare, o di far valere altri diritti riconosciuti dalla legge. A tal fine, \u00e8 necessario informare il titolare del trattamento o il responsabile della protezione dei dati della <a href=\"mailto:info@bergerhof.bz\" target=\"_blank\" rel=\"noopener\">E-Mail<\/a> contattare.<\/p><p><strong>Protezione dei dati<\/strong><\/p><p>Bergerhof adotta tutte le misure di sicurezza tecniche e organizzative necessarie per proteggere i dati personali da perdite e abusi. Bergerhof protegge i dati personali utilizzando standard e procedure di sicurezza riconosciuti a livello internazionale che rendono impossibile l'accesso non autorizzato, l'uso e la diffusione non autorizzati, la modifica non autorizzata, la perdita e la distruzione non intenzionale o illegale.<\/p><p><strong>Cookies\/Publicit\u00e1<\/strong><\/p><p>I cookie sono piccoli file di testo che vengono inseriti nel computer dell'utente quando visita determinati siti web. Questo sito web, compresi i suoi sottodomini, utilizza i cookie, per i quali \u00e8 sempre richiesto il consenso dell'utente, ove ci\u00f2 sia espressamente previsto dalla legge o da altre normative in materia. L'uso dei cookie facilita la navigazione dell'utente e personalizza le informazioni trasmesse all'utente. I sistemi sono utilizzati anche per raccogliere informazioni sull'utente, come l'indirizzo IP, il browser e il sistema operativo utilizzati e\/o i siti web visitati da un utente per scopi di sicurezza e statistici.<\/p><p>I cookie non comportano alcun rischio per il computer, il tablet o lo smartphone dell'utente. I cookie generati da bergerhof.bz non contengono dati personali che possano essere utilizzati per identificare l'utente, ma solo dati criptati.<\/p><p>Per gestire i cookie e le tecnologie simili utilizzate (pixel di tracciamento, web beacon, ecc.) e i relativi consensi, utilizziamo lo strumento di consenso \u201d<a href=\"https:\/\/devowl.io\/de\/rcb\/datenverarbeitung\/\" target=\"_blank\" rel=\"noopener\">Real Cookie stendardo<\/a>\".<\/p><p>La base giuridica per il trattamento dei dati personali in questo contesto \u00e8 l'art. 6 par. 1 lett. c GDPR e l'art. 6 par. 1 lett. f GDPR. Il nostro interesse legittimo \u00e8 la gestione dei cookie e delle tecnologie simili utilizzate e i relativi consensi.<\/p><p>Il conferimento dei dati personali non \u00e8 richiesto contrattualmente n\u00e9 necessario per la conclusione di un contratto. Non siete obbligati a fornire i dati personali. Se non fornite i dati personali, non saremo in grado di gestire i vostri consensi.<\/p><p><strong>Guest Pass<\/strong><\/p><p>Al perfezionamento del contratto di soggiorno, l'ospite ricever\u00e0 il S\u00fcdtirol Alto Adige Guest Pass (di seguito Guest Pass), valido per tutta la durata del soggiorno e dalle ore 0:00 del giorno di arrivo alle ore 24:00 del giorno di partenza, ai sensi della Delibera della Giunta Provinciale dell'Alto Adige n. 732\/2022.<\/p><p>La carta ospiti comprende l'utilizzo di tutti i mezzi di trasporto pubblico all'interno dell'area della rete denominata \u201cs\u00fcdtirolmobil\u201d e ulteriori servizi aggiuntivi, che variano a seconda dell'organizzazione turistica. Informazioni dettagliate sono disponibili sul sito: suedtirol-guestpass.info<\/p><p>L'unico fornitore in Alto Adige del Guest Pass \u00e8 il Consorzio Mobilit\u00e0, nominato come ente unico di coordinamento in conformit\u00e0 con la delibera della Giunta Provinciale sopra citata. I dettagli dei servizi aggiuntivi associati al Guest Pass e le condizioni di utilizzo dello stesso sono comunicati dal soggetto terzo responsabile dell'emissione e della gestione del Guest Pass. Informazioni dettagliate sono disponibili all'indirizzo: suedtirol-guestpass.info<\/p><p>Privacy: Finalit\u00e0: I dati personali forniti saranno trasmessi al Centro Unico di Coordinamento Carte Ospiti al fine di consentire la creazione e l'utilizzo del Guest Pass e l'erogazione dei relativi servizi.<\/p><p>Destinatario: In relazione al rilascio del Guest Pass, i suoi dati saranno trasmessi al Consorzio Mobilit\u00e0, con partita IVA 02735170215 che, in qualit\u00e0 di titolare della carta ospite e centro unico di coordinamento, agisce come autonomo titolare del trattamento dei dati trasmessi. Per maggiori informazioni sul trattamento a cui sono sottoposti i dati, \u00e8 possibile inviare una e-mail a privacy@moko.bz.it.<\/p><p>Base giuridica: La base giuridica del trattamento \u00e8 l'art. 6 (1) (b) del GDPR.<\/p>\t\t\t\t\t\t\t\t<\/div>\n\t\t\t\t<\/div>\n\t\t\t\t<\/div>\n\t\t\t\t<\/div>\n\t\t<div class=\"elementor-element elementor-element-9be756e e-flex e-con-boxed e-con e-parent\" data-id=\"9be756e\" data-element_type=\"container\" data-e-type=\"container\">\n\t\t\t\t\t<div class=\"e-con-inner\">\n\t\t\t\t<div class=\"elementor-element elementor-element-7614934 elementor-widget elementor-widget-spacer\" data-id=\"7614934\" data-element_type=\"widget\" data-e-type=\"widget\" data-widget_type=\"spacer.default\">\n\t\t\t\t<div class=\"elementor-widget-container\">\n\t\t\t\t\t\t\t<div class=\"elementor-spacer\">\n\t\t\t<div class=\"elementor-spacer-inner\"><\/div>\n\t\t<\/div>\n\t\t\t\t\t\t<\/div>\n\t\t\t\t<\/div>\n\t\t\t\t\t<\/div>\n\t\t\t\t<\/div>\n\t\t\t\t<\/div>","protected":false},"excerpt":{"rendered":"<p>Datenschutz &#038; Cookies Im Sinne des DSGVO 2016\/679 ist Rechtsinhaber der Verwaltung bzw. Verarbeitung der personenbezogenen Daten, die eventuell \u00fcber die Website erhoben werden. Der Rechtsinhaber verwaltet bzw. verarbeitet diese \u00fcber die Website (www.bergerhof.bz) eventuell erhobenen Daten unter den im Folgenden genannten Bedingungen. Art der Datenerhebung und Zweck der Verarbeitung Bergerhof verarbeitet ausschlie\u00dflich Daten, die [&hellip;]<\/p>\n","protected":false},"author":1,"featured_media":0,"parent":0,"menu_order":0,"comment_status":"closed","ping_status":"closed","template":"elementor_header_footer","meta":{"footnotes":""},"class_list":["post-271","page","type-page","status-publish","hentry"],"yoast_head":"<!-- This site is optimized with the Yoast SEO plugin v27.2 - https:\/\/yoast.com\/product\/yoast-seo-wordpress\/ -->\n<title>Datenschutz - Bergerhof Suedtirol<\/title>\n<meta name=\"robots\" content=\"index, follow, max-snippet:-1, max-image-preview:large, max-video-preview:-1\" \/>\n<link rel=\"canonical\" href=\"https:\/\/bergerhof.bz\/it\/datenschutz\/\" \/>\n<meta property=\"og:locale\" content=\"it_IT\" \/>\n<meta property=\"og:type\" content=\"article\" \/>\n<meta property=\"og:title\" content=\"Datenschutz - Bergerhof Suedtirol\" \/>\n<meta property=\"og:description\" content=\"Datenschutz &#038; Cookies Im Sinne des DSGVO 2016\/679 ist Rechtsinhaber der Verwaltung bzw. Verarbeitung der personenbezogenen Daten, die eventuell \u00fcber die Website erhoben werden. Der Rechtsinhaber verwaltet bzw. verarbeitet diese \u00fcber die Website (www.bergerhof.bz) eventuell erhobenen Daten unter den im Folgenden genannten Bedingungen. Art der Datenerhebung und Zweck der Verarbeitung Bergerhof verarbeitet ausschlie\u00dflich Daten, die [&hellip;]\" \/>\n<meta property=\"og:url\" content=\"https:\/\/bergerhof.bz\/it\/datenschutz\/\" \/>\n<meta property=\"og:site_name\" content=\"Bergerhof Suedtirol\" \/>\n<meta property=\"article:publisher\" content=\"https:\/\/www.facebook.com\/profile.php?id=100054436483088\" \/>\n<meta property=\"article:modified_time\" content=\"2026-03-21T03:29:45+00:00\" \/>\n<meta name=\"twitter:card\" content=\"summary_large_image\" \/>\n<meta name=\"twitter:label1\" content=\"Tempo di lettura stimato\" \/>\n\t<meta name=\"twitter:data1\" content=\"6 minuti\" \/>\n<script type=\"application\/ld+json\" class=\"yoast-schema-graph\">{\"@context\":\"https:\/\/schema.org\",\"@graph\":[{\"@type\":\"WebPage\",\"@id\":\"https:\/\/bergerhof.bz\/datenschutz\/\",\"url\":\"https:\/\/bergerhof.bz\/datenschutz\/\",\"name\":\"Datenschutz - Bergerhof Suedtirol\",\"isPartOf\":{\"@id\":\"https:\/\/bergerhof.bz\/#website\"},\"datePublished\":\"2024-11-03T10:58:10+00:00\",\"dateModified\":\"2026-03-21T03:29:45+00:00\",\"breadcrumb\":{\"@id\":\"https:\/\/bergerhof.bz\/datenschutz\/#breadcrumb\"},\"inLanguage\":\"it-IT\",\"potentialAction\":[{\"@type\":\"ReadAction\",\"target\":[\"https:\/\/bergerhof.bz\/datenschutz\/\"]}]},{\"@type\":\"BreadcrumbList\",\"@id\":\"https:\/\/bergerhof.bz\/datenschutz\/#breadcrumb\",\"itemListElement\":[{\"@type\":\"ListItem\",\"position\":1,\"name\":\"Startseite\",\"item\":\"https:\/\/bergerhof.bz\/\"},{\"@type\":\"ListItem\",\"position\":2,\"name\":\"Datenschutz\"}]},{\"@type\":\"WebSite\",\"@id\":\"https:\/\/bergerhof.bz\/#website\",\"url\":\"https:\/\/bergerhof.bz\/\",\"name\":\"Bergerhof Suedtirol\",\"description\":\"Urlaub auf dem Bauernhof\",\"publisher\":{\"@id\":\"https:\/\/bergerhof.bz\/#organization\"},\"potentialAction\":[{\"@type\":\"SearchAction\",\"target\":{\"@type\":\"EntryPoint\",\"urlTemplate\":\"https:\/\/bergerhof.bz\/?s={search_term_string}\"},\"query-input\":{\"@type\":\"PropertyValueSpecification\",\"valueRequired\":true,\"valueName\":\"search_term_string\"}}],\"inLanguage\":\"it-IT\"},{\"@type\":\"Organization\",\"@id\":\"https:\/\/bergerhof.bz\/#organization\",\"name\":\"Bergerhof Suedtirol\",\"url\":\"https:\/\/bergerhof.bz\/\",\"logo\":{\"@type\":\"ImageObject\",\"inLanguage\":\"it-IT\",\"@id\":\"https:\/\/bergerhof.bz\/#\/schema\/logo\/image\/\",\"url\":\"https:\/\/bergerhof.bz\/wp-content\/uploads\/2024\/11\/Logo-Bergerhof.png\",\"contentUrl\":\"https:\/\/bergerhof.bz\/wp-content\/uploads\/2024\/11\/Logo-Bergerhof.png\",\"width\":2000,\"height\":350,\"caption\":\"Bergerhof Suedtirol\"},\"image\":{\"@id\":\"https:\/\/bergerhof.bz\/#\/schema\/logo\/image\/\"},\"sameAs\":[\"https:\/\/www.facebook.com\/profile.php?id=100054436483088\"]}]}<\/script>\n<!-- \/ Yoast SEO plugin. -->","yoast_head_json":{"title":"Datenschutz - Bergerhof Suedtirol","robots":{"index":"index","follow":"follow","max-snippet":"max-snippet:-1","max-image-preview":"max-image-preview:large","max-video-preview":"max-video-preview:-1"},"canonical":"https:\/\/bergerhof.bz\/it\/datenschutz\/","og_locale":"it_IT","og_type":"article","og_title":"Datenschutz - Bergerhof Suedtirol","og_description":"Datenschutz &#038; Cookies Im Sinne des DSGVO 2016\/679 ist Rechtsinhaber der Verwaltung bzw. Verarbeitung der personenbezogenen Daten, die eventuell \u00fcber die Website erhoben werden. Der Rechtsinhaber verwaltet bzw. verarbeitet diese \u00fcber die Website (www.bergerhof.bz) eventuell erhobenen Daten unter den im Folgenden genannten Bedingungen. Art der Datenerhebung und Zweck der Verarbeitung Bergerhof verarbeitet ausschlie\u00dflich Daten, die [&hellip;]","og_url":"https:\/\/bergerhof.bz\/it\/datenschutz\/","og_site_name":"Bergerhof Suedtirol","article_publisher":"https:\/\/www.facebook.com\/profile.php?id=100054436483088","article_modified_time":"2026-03-21T03:29:45+00:00","twitter_card":"summary_large_image","twitter_misc":{"Tempo di lettura stimato":"6 minuti"},"schema":{"@context":"https:\/\/schema.org","@graph":[{"@type":"WebPage","@id":"https:\/\/bergerhof.bz\/datenschutz\/","url":"https:\/\/bergerhof.bz\/datenschutz\/","name":"Datenschutz - Bergerhof Suedtirol","isPartOf":{"@id":"https:\/\/bergerhof.bz\/#website"},"datePublished":"2024-11-03T10:58:10+00:00","dateModified":"2026-03-21T03:29:45+00:00","breadcrumb":{"@id":"https:\/\/bergerhof.bz\/datenschutz\/#breadcrumb"},"inLanguage":"it-IT","potentialAction":[{"@type":"ReadAction","target":["https:\/\/bergerhof.bz\/datenschutz\/"]}]},{"@type":"BreadcrumbList","@id":"https:\/\/bergerhof.bz\/datenschutz\/#breadcrumb","itemListElement":[{"@type":"ListItem","position":1,"name":"Startseite","item":"https:\/\/bergerhof.bz\/"},{"@type":"ListItem","position":2,"name":"Datenschutz"}]},{"@type":"WebSite","@id":"https:\/\/bergerhof.bz\/#website","url":"https:\/\/bergerhof.bz\/","name":"Bergerhof Suedtirol","description":"Vacanza in agriturismo","publisher":{"@id":"https:\/\/bergerhof.bz\/#organization"},"potentialAction":[{"@type":"SearchAction","target":{"@type":"EntryPoint","urlTemplate":"https:\/\/bergerhof.bz\/?s={search_term_string}"},"query-input":{"@type":"PropertyValueSpecification","valueRequired":true,"valueName":"search_term_string"}}],"inLanguage":"it-IT"},{"@type":"Organization","@id":"https:\/\/bergerhof.bz\/#organization","name":"Bergerhof Suedtirol","url":"https:\/\/bergerhof.bz\/","logo":{"@type":"ImageObject","inLanguage":"it-IT","@id":"https:\/\/bergerhof.bz\/#\/schema\/logo\/image\/","url":"https:\/\/bergerhof.bz\/wp-content\/uploads\/2024\/11\/Logo-Bergerhof.png","contentUrl":"https:\/\/bergerhof.bz\/wp-content\/uploads\/2024\/11\/Logo-Bergerhof.png","width":2000,"height":350,"caption":"Bergerhof Suedtirol"},"image":{"@id":"https:\/\/bergerhof.bz\/#\/schema\/logo\/image\/"},"sameAs":["https:\/\/www.facebook.com\/profile.php?id=100054436483088"]}]}},"_links":{"self":[{"href":"https:\/\/bergerhof.bz\/it\/wp-json\/wp\/v2\/pages\/271","targetHints":{"allow":["GET"]}}],"collection":[{"href":"https:\/\/bergerhof.bz\/it\/wp-json\/wp\/v2\/pages"}],"about":[{"href":"https:\/\/bergerhof.bz\/it\/wp-json\/wp\/v2\/types\/page"}],"author":[{"embeddable":true,"href":"https:\/\/bergerhof.bz\/it\/wp-json\/wp\/v2\/users\/1"}],"replies":[{"embeddable":true,"href":"https:\/\/bergerhof.bz\/it\/wp-json\/wp\/v2\/comments?post=271"}],"version-history":[{"count":19,"href":"https:\/\/bergerhof.bz\/it\/wp-json\/wp\/v2\/pages\/271\/revisions"}],"predecessor-version":[{"id":903,"href":"https:\/\/bergerhof.bz\/it\/wp-json\/wp\/v2\/pages\/271\/revisions\/903"}],"wp:attachment":[{"href":"https:\/\/bergerhof.bz\/it\/wp-json\/wp\/v2\/media?parent=271"}],"curies":[{"name":"wp","href":"https:\/\/api.w.org\/{rel}","templated":true}]}}