{"id":271,"date":"2024-11-03T11:58:10","date_gmt":"2024-11-03T10:58:10","guid":{"rendered":"https:\/\/bergerhof.dkia.at\/?page_id=271"},"modified":"2026-03-21T04:29:45","modified_gmt":"2026-03-21T03:29:45","slug":"datenschutz","status":"publish","type":"page","link":"https:\/\/bergerhof.bz\/de\/datenschutz\/","title":{"rendered":"Datenschutz"},"content":{"rendered":"\t\t<div data-elementor-type=\"wp-page\" data-elementor-id=\"271\" class=\"elementor elementor-271\" data-elementor-post-type=\"page\">\n\t\t\t\t<div class=\"elementor-element elementor-element-4223b652 e-con-full e-flex e-con e-parent\" data-id=\"4223b652\" data-element_type=\"container\" data-e-type=\"container\">\n\t\t<div class=\"elementor-element elementor-element-ca27718 e-con-full e-flex e-con e-child\" data-id=\"ca27718\" data-element_type=\"container\" data-e-type=\"container\">\n\t\t\t\t<div class=\"elementor-element elementor-element-f85b6bd elementor-widget elementor-widget-heading\" data-id=\"f85b6bd\" data-element_type=\"widget\" data-e-type=\"widget\" data-widget_type=\"heading.default\">\n\t\t\t\t<div class=\"elementor-widget-container\">\n\t\t\t\t\t<h2 class=\"elementor-heading-title elementor-size-default\">Datenschutz &amp; Cookies<\/h2>\t\t\t\t<\/div>\n\t\t\t\t<\/div>\n\t\t\t\t<div class=\"elementor-element elementor-element-c04cd68 elementor-widget elementor-widget-spacer\" data-id=\"c04cd68\" data-element_type=\"widget\" data-e-type=\"widget\" data-widget_type=\"spacer.default\">\n\t\t\t\t<div class=\"elementor-widget-container\">\n\t\t\t\t\t\t\t<div class=\"elementor-spacer\">\n\t\t\t<div class=\"elementor-spacer-inner\"><\/div>\n\t\t<\/div>\n\t\t\t\t\t\t<\/div>\n\t\t\t\t<\/div>\n\t\t\t\t<div class=\"elementor-element elementor-element-1d7096a elementor-widget__width-inherit elementor-widget elementor-widget-text-editor\" data-id=\"1d7096a\" data-element_type=\"widget\" data-e-type=\"widget\" data-widget_type=\"text-editor.default\">\n\t\t\t\t<div class=\"elementor-widget-container\">\n\t\t\t\t\t\t\t\t\t<p>Im Sinne des DSGVO 2016\/679 ist Rechtsinhaber der Verwaltung bzw. Verarbeitung der personenbezogenen Daten, die eventuell \u00fcber die Website erhoben werden. Der Rechtsinhaber verwaltet bzw. verarbeitet diese \u00fcber die Website (www.bergerhof.bz) eventuell erhobenen Daten unter den im Folgenden genannten Bedingungen.<\/p><p><strong>Art der Datenerhebung und Zweck der Verarbeitung<\/strong><\/p><p>Bergerhof verarbeitet ausschlie\u00dflich Daten, die der Besucher der Website aus freien St\u00fccken angibt. Das Navigieren auf der Website ist auch ohne Angabe personenbezogener Daten und Informationen m\u00f6glich. Jedem Besucher steht es frei, eingeschr\u00e4nkt personenbezogene Daten zur Verf\u00fcgung zu stellen, um nur bestimmte Dienstleistungen in Anspruch zu nehmen. Erhobene und gespeicherte personenbezogene Daten werden ausschlie\u00dflich f\u00fcr die im verf\u00fcgbaren Informationsschreiben genannten Dienstleistungen verwendet. Die Besucher der Website k\u00f6nnen ihre Daten \u00fcbermitteln, um eine Urlaubsanfrage zu stellen senden.<\/p><p><strong>Weitergabe der Daten an Dritte<\/strong><\/p><p>Die personenbezogenen Daten werden nicht an andere Unternehmen weitergegeben. Zudem werden die personenbezogenen Daten nur weitergegeben, falls dies gesetzliche Bestimmungen vorsehen oder die Gerichtsbeh\u00f6rde oder andere K\u00f6rperschaften und Institute es einfordern. Bergerhof bezweckt nicht, \u00fcber die eigene Website sensible oder gerichtlich relevante personenbezogene Daten zu erheben.<\/p><p>Im Sinne des Art. 4 des DSGVO 2016\/679 handelt es sich bei sensiblen Daten um pers\u00f6nliche Angaben zum Geschlecht, zur ethnischen Herkunft, zu religi\u00f6sen, philosophischen oder anderweitigen Anschauungen, zur politischen Einstellung, zur Mitgliedschaft in Parteien, Gewerkschaften, Vereinen oder Organisationen mit religi\u00f6sem, philosophischem, politischem oder gewerkschaftlichem Hintergrund sowie um Angaben zum Gesundheitszustand oder zur sexuellen Orientierung. Im Sinne des Art. 4 des DSGVO 2016\/679 umfassen gerichtlich relevante Daten jene pers\u00f6nlichen Angaben, die auf Ma\u00dfnahmen basierend auf Art. 3, Absatz 1, Buchstaben von a) bis o) und von r) bis u), des D.P.R. Nr. 313 vom 14. November 2002 zum Strafregister, dem Register der Verwaltungsstrafen infolge strafbarer Handlungen oder der diesbez\u00fcglich anh\u00e4ngenden Verfahren, oder auf die Stellung als Angeklagter oder Verd\u00e4chtigter im Sinne der Artikel 60 und 61 der Strafprozessordnung schlie\u00dfen lassen. Wir empfehlen Ihnen, solche Informationen nicht auf unserer Webseite anzugeben.<\/p><p><strong>Einbindung von Diensten und Inhalten Dritter sowie Daten\u00fcbermittlung an Drittstaaten<\/strong><\/p><p>Google Analytics, Google-IP-Locator, Google Maps, Google Maps Distance Api, Google reCAPTCHA<br \/><strong>Eigent\u00fcmer:<\/strong> Google Inc., 1600 Amphitheatre Parkway, Mountain View, CA 94043, USA<\/p><p>YouTube-Inhalte<br \/>Eigent\u00fcmer: Google Inc., Amphitheatre Parkway, Mountain View, CA 94043, USA<\/p><p><strong>Links zu Internetauftritten Dritter<\/strong><\/p><p>Wir weisen darauf hin, dass die Webseite bergerhof.bz Links auf andere Websites enth\u00e4lt, die nicht im Sinne der vorliegenden Datenschutzrichtlinien verwaltet werden.<\/p><p><strong>Aufbewahrung und L\u00f6schung der Daten<\/strong><\/p><p>Die \u00fcber diese Website erhobenen Informationen und personenbezogenen Daten, inklusive jener, die der Besucher zum Erhalt von Informationsmaterial oder anderen Zusendungen freiwillig angibt, indem er an die im Abschnitt \u201eAnfrage\u201c angegebenen Adressen schreibt, werden ausschlie\u00dflich zur Erbringung der gew\u00fcnschten Leistung und nur f\u00fcr den daf\u00fcr unbedingt n\u00f6tigen Zeitraum aufbewahrt. Nach Erbringung der Dienstleistung werden alle personenbezogenen Daten gem\u00e4\u00df Datenschutzerkl\u00e4rung vorbehaltlich anders lautender beh\u00f6rdlicher Aufforderungen oder der gesetzlich geforderten Aufbewahrung, gel\u00f6scht.<\/p><p><strong>Aus\u00fcbung zustehender Rechte<\/strong><\/p><p>Der Dateninhaber hat laut Art. 15 des DSGVO 2016\/679 zu jeder Zeit das Recht, Auskunft zum Inhalt seiner personenbezogenen, \u00fcber diese Website erhobenen Daten zu erhalten, diese eventuell richtig stellen, aktualisieren oder l\u00f6schen zu lassen oder andere Rechte, die ihm gesetzlich zuerkannt sind, geltend zu machen. Dazu ist es notwendig, den Verantwortlichen f\u00fcr die Datenverarbeitung oder den Datenschutzbeauftragten \u00fcber die <a href=\"mailto:info@bergerhof.bz\" target=\"_blank\" rel=\"noopener\">E-Mail<\/a> zu kontaktieren.<\/p><p><strong>Datensicherheit<\/strong><\/p><p>Alle notwendigen technischen und organisatorischen Sicherheitsma\u00dfnahmen, um die personenbezogenen Daten vor Verlust und Missbrauch zu sch\u00fctzen, werden von Bergerhof getroffen. Bergerhof sch\u00fctzt die personenbezogenen Daten \u00fcber international anerkannte Sicherheitsstandards sowie \u00fcber Verfahren, die den unbefugten Zugriff, die unerlaubte Benutzung und Verbreitung, die unerlaubte \u00c4nderung, den Verlust sowie unbeabsichtigtes oder rechtswidriges Zerst\u00f6ren unm\u00f6glich machen.<\/p><p><strong>Cookies\/Werbeanzeigen<\/strong><\/p><p>Cookies sind kleine Textdateien, die auf Ihrem Computer abgelegt werden, wenn ein Benutzer bestimmte Websites besucht. Diese Website inklusive der Subdomains verwendet Cookies, wobei der Benutzer immer um seine Zustimmung gebeten wird, wo dies ausdr\u00fccklich per Gesetz oder anderen einschl\u00e4gigen Bestimmungen verlangt wird. Durch die Verwendung von Cookies wird dem Benutzer das Navigieren erleichtert und die an den Benutzer \u00fcbermittelten Informationen werden personalisiert. Es werden dar\u00fcber hinaus Systeme verwendet, um Informationen \u00fcber den Benutzer zu sammeln, wie zum Beispiel seine IP-Adresse, den verwendeten Browser und das Betriebssystem und\/oder von einem Benutzer besuchte Websites f\u00fcr Sicherheits- und Statistikzwecke.<\/p><p>Die Cookies stellen f\u00fcr Ihren Computer, Ihr Tablet oder Ihr Smartphone keine Gefahr dar. Die von bergerhof.bz erzeugten Cookies enthalten keine personenbezogenen Daten, die zur Identifizierung des Benutzers verwendet werden k\u00f6nnen, sondern nur verschl\u00fcsselte Daten.<\/p><p>Zur Verwaltung der eingesetzten Cookies und \u00e4hnlichen Technologien (Tracking-Pixel, Web-Beacons etc.) und diesbez\u00fcglicher Einwilligungen setzen wir das Consent Tool \u201e<a href=\"https:\/\/devowl.io\/de\/rcb\/datenverarbeitung\/\" target=\"_blank\" rel=\"noopener\">Real Cookie Banner<\/a>\u201c ein.<\/p><p>Rechtsgrundlagen f\u00fcr die Verarbeitung von personenbezogenen Daten in diesem Zusammenhang sind Art. 6 Abs. 1 lit. c DS-GVO und Art. 6 Abs. 1 lit. f DS-GVO. Unser berechtigtes Interesse ist die Verwaltung der eingesetzten Cookies und \u00e4hnlichen Technologien und der diesbez\u00fcglichen Einwilligungen.<\/p><p>Die Bereitstellung der personenbezogenen Daten ist weder vertraglich vorgeschrieben noch f\u00fcr den Abschluss eines Vertrages notwendig. Du bist nicht verpflichtet die personenbezogenen Daten bereitzustellen. Wenn du die personenbezogenen Daten nicht bereitstellst, k\u00f6nnen wir deine Einwilligungen nicht verwalten.<\/p><p><strong>Guest Pass<\/strong><\/p><p>Bei Vervollst\u00e4ndigung des Aufenthaltsvertrags wird dem Gast der S\u00fcdtirol Alto Adige Guest Pass (in Folge Guest Pass) ausgestellt, der laut Beschluss der S\u00fcdtiroler Landesregierung Nr. 732\/2022 f\u00fcr die gesamte Dauer seines Aufenthalts sowie ab 0:00 Uhr des Tages der Anreise bis 24:00 Uhr am Tag der Abreise g\u00fcltig ist.<\/p><p>Der Guest Pass umfasst die Nutzung aller \u00f6ffentlichen Verkehrsmittel innerhalb des S\u00fcdtirolmobil-Verbundgebiets sowie zus\u00e4tzliche Leistungen, welche pro Tourismusorganisation unterschiedlich ausfallen. Detaillierte Informationen finden Sie unter: suedtirol-guestpass.info<\/p><p>Einziger S\u00fcdtirol weiter Tr\u00e4ger des Guest Pass ist das Mobilit\u00e4tskonsortium welches als einheitliche Koordinierungsstelle gem\u00e4\u00df obigen LR-Beschluss vom Landesverband der Tourismusorganisationen S\u00fcdtirols (LTS) am 16.11.2022 ernannt wurde. Die Einzelheiten der mit dem Guest Pass verbundenen Zusatzleistungen sowie die Nutzungsbedingungen des Guest Pass werden von dem mit der Ausstellung und Verwaltung des Guest Pass beauftragten Dritten mitgeteilt. Detaillierte Informationen finden Sie unter: suedtirol-guestpass.info<\/p><p>Datenschutzhinweis: Zweck: Die \u00fcbermittelten personenbezogenen Daten werden an die einheitliche Koordinierungsstelle des Guest Pass \u00fcbermittelt, um die Erstellung und Benutzung des Guest Pass zu erm\u00f6glichen und die damit verbundenen Dienstleistungen zur Verf\u00fcgung zu stellen.<\/p><p>Empf\u00e4nger: Im Zusammenhang mit der Ausstellung des Guest Pass werden Ihre Daten an das Mobilit\u00e4tskonsortium mit MwSt.-Nr. 02735170215 \u00fcbermittelt, das als G\u00e4stekartentr\u00e4ger und einheitliche Koordinierungsstelle die Rolle des autonomen Datenverantwortlichen bei der Verarbeitung der \u00fcbermittelten Daten innehat. F\u00fcr weitere Informationen \u00fcber die Verarbeitung, der die Daten unterzogen werden, k\u00f6nnen Sie eine E-Mail an privacy@moko.bz.it schreiben.<\/p><p>Rechtsgrundlage: Die Rechtsgrundlage f\u00fcr die Verarbeitung liegt in Art. 6 Abs. 1 Buchstabe b) der DSGVO.<\/p>\t\t\t\t\t\t\t\t<\/div>\n\t\t\t\t<\/div>\n\t\t\t\t<\/div>\n\t\t\t\t<\/div>\n\t\t<div class=\"elementor-element elementor-element-9be756e e-flex e-con-boxed e-con e-parent\" data-id=\"9be756e\" data-element_type=\"container\" data-e-type=\"container\">\n\t\t\t\t\t<div class=\"e-con-inner\">\n\t\t\t\t<div class=\"elementor-element elementor-element-7614934 elementor-widget elementor-widget-spacer\" data-id=\"7614934\" data-element_type=\"widget\" data-e-type=\"widget\" data-widget_type=\"spacer.default\">\n\t\t\t\t<div class=\"elementor-widget-container\">\n\t\t\t\t\t\t\t<div class=\"elementor-spacer\">\n\t\t\t<div class=\"elementor-spacer-inner\"><\/div>\n\t\t<\/div>\n\t\t\t\t\t\t<\/div>\n\t\t\t\t<\/div>\n\t\t\t\t\t<\/div>\n\t\t\t\t<\/div>\n\t\t\t\t<\/div>\n\t\t","protected":false},"excerpt":{"rendered":"<p>Datenschutz &#038; Cookies Im Sinne des DSGVO 2016\/679 ist Rechtsinhaber der Verwaltung bzw. Verarbeitung der personenbezogenen Daten, die eventuell \u00fcber die Website erhoben werden. Der Rechtsinhaber verwaltet bzw. verarbeitet diese \u00fcber die Website (www.bergerhof.bz) eventuell erhobenen Daten unter den im Folgenden genannten Bedingungen. Art der Datenerhebung und Zweck der Verarbeitung Bergerhof verarbeitet ausschlie\u00dflich Daten, die [&hellip;]<\/p>\n","protected":false},"author":1,"featured_media":0,"parent":0,"menu_order":0,"comment_status":"closed","ping_status":"closed","template":"elementor_header_footer","meta":{"footnotes":""},"class_list":["post-271","page","type-page","status-publish","hentry"],"yoast_head":"<!-- This site is optimized with the Yoast SEO plugin v27.2 - https:\/\/yoast.com\/product\/yoast-seo-wordpress\/ -->\n<title>Datenschutz - Bergerhof Suedtirol<\/title>\n<meta name=\"robots\" content=\"index, follow, max-snippet:-1, max-image-preview:large, max-video-preview:-1\" \/>\n<link rel=\"canonical\" href=\"https:\/\/bergerhof.bz\/de\/datenschutz\/\" \/>\n<meta property=\"og:locale\" content=\"de_DE\" \/>\n<meta property=\"og:type\" content=\"article\" \/>\n<meta property=\"og:title\" content=\"Datenschutz - Bergerhof Suedtirol\" \/>\n<meta property=\"og:description\" content=\"Datenschutz &#038; Cookies Im Sinne des DSGVO 2016\/679 ist Rechtsinhaber der Verwaltung bzw. Verarbeitung der personenbezogenen Daten, die eventuell \u00fcber die Website erhoben werden. Der Rechtsinhaber verwaltet bzw. verarbeitet diese \u00fcber die Website (www.bergerhof.bz) eventuell erhobenen Daten unter den im Folgenden genannten Bedingungen. Art der Datenerhebung und Zweck der Verarbeitung Bergerhof verarbeitet ausschlie\u00dflich Daten, die [&hellip;]\" \/>\n<meta property=\"og:url\" content=\"https:\/\/bergerhof.bz\/de\/datenschutz\/\" \/>\n<meta property=\"og:site_name\" content=\"Bergerhof Suedtirol\" \/>\n<meta property=\"article:publisher\" content=\"https:\/\/www.facebook.com\/profile.php?id=100054436483088\" \/>\n<meta property=\"article:modified_time\" content=\"2026-03-21T03:29:45+00:00\" \/>\n<meta name=\"twitter:card\" content=\"summary_large_image\" \/>\n<meta name=\"twitter:label1\" content=\"Gesch\u00e4tzte Lesezeit\" \/>\n\t<meta name=\"twitter:data1\" content=\"6\u00a0Minuten\" \/>\n<script type=\"application\/ld+json\" class=\"yoast-schema-graph\">{\"@context\":\"https:\/\/schema.org\",\"@graph\":[{\"@type\":\"WebPage\",\"@id\":\"https:\/\/bergerhof.bz\/datenschutz\/\",\"url\":\"https:\/\/bergerhof.bz\/datenschutz\/\",\"name\":\"Datenschutz - Bergerhof Suedtirol\",\"isPartOf\":{\"@id\":\"https:\/\/bergerhof.bz\/#website\"},\"datePublished\":\"2024-11-03T10:58:10+00:00\",\"dateModified\":\"2026-03-21T03:29:45+00:00\",\"breadcrumb\":{\"@id\":\"https:\/\/bergerhof.bz\/datenschutz\/#breadcrumb\"},\"inLanguage\":\"de\",\"potentialAction\":[{\"@type\":\"ReadAction\",\"target\":[\"https:\/\/bergerhof.bz\/datenschutz\/\"]}]},{\"@type\":\"BreadcrumbList\",\"@id\":\"https:\/\/bergerhof.bz\/datenschutz\/#breadcrumb\",\"itemListElement\":[{\"@type\":\"ListItem\",\"position\":1,\"name\":\"Startseite\",\"item\":\"https:\/\/bergerhof.bz\/\"},{\"@type\":\"ListItem\",\"position\":2,\"name\":\"Datenschutz\"}]},{\"@type\":\"WebSite\",\"@id\":\"https:\/\/bergerhof.bz\/#website\",\"url\":\"https:\/\/bergerhof.bz\/\",\"name\":\"Bergerhof Suedtirol\",\"description\":\"Urlaub auf dem Bauernhof\",\"publisher\":{\"@id\":\"https:\/\/bergerhof.bz\/#organization\"},\"potentialAction\":[{\"@type\":\"SearchAction\",\"target\":{\"@type\":\"EntryPoint\",\"urlTemplate\":\"https:\/\/bergerhof.bz\/?s={search_term_string}\"},\"query-input\":{\"@type\":\"PropertyValueSpecification\",\"valueRequired\":true,\"valueName\":\"search_term_string\"}}],\"inLanguage\":\"de\"},{\"@type\":\"Organization\",\"@id\":\"https:\/\/bergerhof.bz\/#organization\",\"name\":\"Bergerhof Suedtirol\",\"url\":\"https:\/\/bergerhof.bz\/\",\"logo\":{\"@type\":\"ImageObject\",\"inLanguage\":\"de\",\"@id\":\"https:\/\/bergerhof.bz\/#\/schema\/logo\/image\/\",\"url\":\"https:\/\/bergerhof.bz\/wp-content\/uploads\/2024\/11\/Logo-Bergerhof.png\",\"contentUrl\":\"https:\/\/bergerhof.bz\/wp-content\/uploads\/2024\/11\/Logo-Bergerhof.png\",\"width\":2000,\"height\":350,\"caption\":\"Bergerhof Suedtirol\"},\"image\":{\"@id\":\"https:\/\/bergerhof.bz\/#\/schema\/logo\/image\/\"},\"sameAs\":[\"https:\/\/www.facebook.com\/profile.php?id=100054436483088\"]}]}<\/script>\n<!-- \/ Yoast SEO plugin. -->","yoast_head_json":{"title":"Datenschutz - Bergerhof Suedtirol","robots":{"index":"index","follow":"follow","max-snippet":"max-snippet:-1","max-image-preview":"max-image-preview:large","max-video-preview":"max-video-preview:-1"},"canonical":"https:\/\/bergerhof.bz\/de\/datenschutz\/","og_locale":"de_DE","og_type":"article","og_title":"Datenschutz - Bergerhof Suedtirol","og_description":"Datenschutz &#038; Cookies Im Sinne des DSGVO 2016\/679 ist Rechtsinhaber der Verwaltung bzw. Verarbeitung der personenbezogenen Daten, die eventuell \u00fcber die Website erhoben werden. Der Rechtsinhaber verwaltet bzw. verarbeitet diese \u00fcber die Website (www.bergerhof.bz) eventuell erhobenen Daten unter den im Folgenden genannten Bedingungen. Art der Datenerhebung und Zweck der Verarbeitung Bergerhof verarbeitet ausschlie\u00dflich Daten, die [&hellip;]","og_url":"https:\/\/bergerhof.bz\/de\/datenschutz\/","og_site_name":"Bergerhof Suedtirol","article_publisher":"https:\/\/www.facebook.com\/profile.php?id=100054436483088","article_modified_time":"2026-03-21T03:29:45+00:00","twitter_card":"summary_large_image","twitter_misc":{"Gesch\u00e4tzte Lesezeit":"6\u00a0Minuten"},"schema":{"@context":"https:\/\/schema.org","@graph":[{"@type":"WebPage","@id":"https:\/\/bergerhof.bz\/datenschutz\/","url":"https:\/\/bergerhof.bz\/datenschutz\/","name":"Datenschutz - Bergerhof Suedtirol","isPartOf":{"@id":"https:\/\/bergerhof.bz\/#website"},"datePublished":"2024-11-03T10:58:10+00:00","dateModified":"2026-03-21T03:29:45+00:00","breadcrumb":{"@id":"https:\/\/bergerhof.bz\/datenschutz\/#breadcrumb"},"inLanguage":"de","potentialAction":[{"@type":"ReadAction","target":["https:\/\/bergerhof.bz\/datenschutz\/"]}]},{"@type":"BreadcrumbList","@id":"https:\/\/bergerhof.bz\/datenschutz\/#breadcrumb","itemListElement":[{"@type":"ListItem","position":1,"name":"Startseite","item":"https:\/\/bergerhof.bz\/"},{"@type":"ListItem","position":2,"name":"Datenschutz"}]},{"@type":"WebSite","@id":"https:\/\/bergerhof.bz\/#website","url":"https:\/\/bergerhof.bz\/","name":"Bergerhof Suedtirol","description":"Urlaub auf dem Bauernhof","publisher":{"@id":"https:\/\/bergerhof.bz\/#organization"},"potentialAction":[{"@type":"SearchAction","target":{"@type":"EntryPoint","urlTemplate":"https:\/\/bergerhof.bz\/?s={search_term_string}"},"query-input":{"@type":"PropertyValueSpecification","valueRequired":true,"valueName":"search_term_string"}}],"inLanguage":"de"},{"@type":"Organization","@id":"https:\/\/bergerhof.bz\/#organization","name":"Bergerhof Suedtirol","url":"https:\/\/bergerhof.bz\/","logo":{"@type":"ImageObject","inLanguage":"de","@id":"https:\/\/bergerhof.bz\/#\/schema\/logo\/image\/","url":"https:\/\/bergerhof.bz\/wp-content\/uploads\/2024\/11\/Logo-Bergerhof.png","contentUrl":"https:\/\/bergerhof.bz\/wp-content\/uploads\/2024\/11\/Logo-Bergerhof.png","width":2000,"height":350,"caption":"Bergerhof Suedtirol"},"image":{"@id":"https:\/\/bergerhof.bz\/#\/schema\/logo\/image\/"},"sameAs":["https:\/\/www.facebook.com\/profile.php?id=100054436483088"]}]}},"_links":{"self":[{"href":"https:\/\/bergerhof.bz\/de\/wp-json\/wp\/v2\/pages\/271","targetHints":{"allow":["GET"]}}],"collection":[{"href":"https:\/\/bergerhof.bz\/de\/wp-json\/wp\/v2\/pages"}],"about":[{"href":"https:\/\/bergerhof.bz\/de\/wp-json\/wp\/v2\/types\/page"}],"author":[{"embeddable":true,"href":"https:\/\/bergerhof.bz\/de\/wp-json\/wp\/v2\/users\/1"}],"replies":[{"embeddable":true,"href":"https:\/\/bergerhof.bz\/de\/wp-json\/wp\/v2\/comments?post=271"}],"version-history":[{"count":19,"href":"https:\/\/bergerhof.bz\/de\/wp-json\/wp\/v2\/pages\/271\/revisions"}],"predecessor-version":[{"id":903,"href":"https:\/\/bergerhof.bz\/de\/wp-json\/wp\/v2\/pages\/271\/revisions\/903"}],"wp:attachment":[{"href":"https:\/\/bergerhof.bz\/de\/wp-json\/wp\/v2\/media?parent=271"}],"curies":[{"name":"wp","href":"https:\/\/api.w.org\/{rel}","templated":true}]}}